{"id":35,"date":"2020-02-18T11:49:15","date_gmt":"2020-02-18T11:49:15","guid":{"rendered":"https:\/\/demo29.houzez.co\/?page_id=35"},"modified":"2025-07-17T10:59:41","modified_gmt":"2025-07-17T07:59:41","slug":"tum-ilanlar","status":"publish","type":"page","link":"https:\/\/humeyraavci.com\/en\/tum-ilanlar\/","title":{"rendered":"All Ads"},"content":{"rendered":"","protected":false},"excerpt":{"rendered":"","protected":false},"author":2,"featured_media":0,"parent":0,"menu_order":0,"comment_status":"closed","ping_status":"closed","template":"template\/template-listing-grid-v7-fullwidth-4cols.php","meta":{"footnotes":""},"class_list":["post-35","page","type-page","status-publish","hentry"],"yoast_head":"<!-- This site is optimized with the Yoast SEO plugin v25.5 - https:\/\/yoast.com\/wordpress\/plugins\/seo\/ -->\n<title>T\u00fcm \u0130lanlar - H\u00fcmeyra Avc\u0131<\/title>\n<meta name=\"robots\" content=\"index, follow, max-snippet:-1, max-image-preview:large, max-video-preview:-1\" \/>\n<link rel=\"canonical\" href=\"https:\/\/humeyraavci.com\/en\/tum-ilanlar\/\" \/>\n<meta property=\"og:locale\" content=\"en_US\" \/>\n<meta property=\"og:type\" content=\"article\" \/>\n<meta property=\"og:title\" content=\"T\u00fcm \u0130lanlar - H\u00fcmeyra Avc\u0131\" \/>\n<meta property=\"og:url\" content=\"https:\/\/humeyraavci.com\/en\/tum-ilanlar\/\" \/>\n<meta property=\"og:site_name\" content=\"H\u00fcmeyra Avc\u0131\" \/>\n<meta property=\"article:modified_time\" content=\"2025-07-17T07:59:41+00:00\" \/>\n<meta name=\"twitter:card\" content=\"summary_large_image\" \/>\n<script type=\"application\/ld+json\" class=\"yoast-schema-graph\">{\"@context\":\"https:\/\/schema.org\",\"@graph\":[{\"@type\":\"WebPage\",\"@id\":\"https:\/\/humeyraavci.com\/tum-ilanlar\/\",\"url\":\"https:\/\/humeyraavci.com\/tum-ilanlar\/\",\"name\":\"T\u00fcm \u0130lanlar - H\u00fcmeyra Avc\u0131\",\"isPartOf\":{\"@id\":\"https:\/\/humeyraavci.com\/#website\"},\"datePublished\":\"2020-02-18T11:49:15+00:00\",\"dateModified\":\"2025-07-17T07:59:41+00:00\",\"breadcrumb\":{\"@id\":\"https:\/\/humeyraavci.com\/tum-ilanlar\/#breadcrumb\"},\"inLanguage\":\"en-US\",\"potentialAction\":[{\"@type\":\"ReadAction\",\"target\":[\"https:\/\/humeyraavci.com\/tum-ilanlar\/\"]}]},{\"@type\":\"BreadcrumbList\",\"@id\":\"https:\/\/humeyraavci.com\/tum-ilanlar\/#breadcrumb\",\"itemListElement\":[{\"@type\":\"ListItem\",\"position\":1,\"name\":\"Home\",\"item\":\"https:\/\/humeyraavci.com\/\"},{\"@type\":\"ListItem\",\"position\":2,\"name\":\"T\u00fcm \u0130lanlar\"}]},{\"@type\":\"WebSite\",\"@id\":\"https:\/\/humeyraavci.com\/#website\",\"url\":\"https:\/\/humeyraavci.com\/\",\"name\":\"H\u00fcmeyra Avc\u0131\",\"description\":\"\",\"potentialAction\":[{\"@type\":\"SearchAction\",\"target\":{\"@type\":\"EntryPoint\",\"urlTemplate\":\"https:\/\/humeyraavci.com\/?s={search_term_string}\"},\"query-input\":{\"@type\":\"PropertyValueSpecification\",\"valueRequired\":true,\"valueName\":\"search_term_string\"}}],\"inLanguage\":\"en-US\"}]}<\/script>\n<!-- \/ Yoast SEO plugin. -->","yoast_head_json":{"title":"T\u00fcm \u0130lanlar - H\u00fcmeyra Avc\u0131","robots":{"index":"index","follow":"follow","max-snippet":"max-snippet:-1","max-image-preview":"max-image-preview:large","max-video-preview":"max-video-preview:-1"},"canonical":"https:\/\/humeyraavci.com\/en\/tum-ilanlar\/","og_locale":"en_US","og_type":"article","og_title":"T\u00fcm \u0130lanlar - H\u00fcmeyra Avc\u0131","og_url":"https:\/\/humeyraavci.com\/en\/tum-ilanlar\/","og_site_name":"H\u00fcmeyra Avc\u0131","article_modified_time":"2025-07-17T07:59:41+00:00","twitter_card":"summary_large_image","schema":{"@context":"https:\/\/schema.org","@graph":[{"@type":"WebPage","@id":"https:\/\/humeyraavci.com\/tum-ilanlar\/","url":"https:\/\/humeyraavci.com\/tum-ilanlar\/","name":"T\u00fcm \u0130lanlar - H\u00fcmeyra Avc\u0131","isPartOf":{"@id":"https:\/\/humeyraavci.com\/#website"},"datePublished":"2020-02-18T11:49:15+00:00","dateModified":"2025-07-17T07:59:41+00:00","breadcrumb":{"@id":"https:\/\/humeyraavci.com\/tum-ilanlar\/#breadcrumb"},"inLanguage":"en-US","potentialAction":[{"@type":"ReadAction","target":["https:\/\/humeyraavci.com\/tum-ilanlar\/"]}]},{"@type":"BreadcrumbList","@id":"https:\/\/humeyraavci.com\/tum-ilanlar\/#breadcrumb","itemListElement":[{"@type":"ListItem","position":1,"name":"Home","item":"https:\/\/humeyraavci.com\/"},{"@type":"ListItem","position":2,"name":"T\u00fcm \u0130lanlar"}]},{"@type":"WebSite","@id":"https:\/\/humeyraavci.com\/#website","url":"https:\/\/humeyraavci.com\/","name":"H\u00fcmeyra Avc\u0131","description":"","potentialAction":[{"@type":"SearchAction","target":{"@type":"EntryPoint","urlTemplate":"https:\/\/humeyraavci.com\/?s={search_term_string}"},"query-input":{"@type":"PropertyValueSpecification","valueRequired":true,"valueName":"search_term_string"}}],"inLanguage":"en-US"}]}},"_links":{"self":[{"href":"https:\/\/humeyraavci.com\/en\/wp-json\/wp\/v2\/pages\/35","targetHints":{"allow":["GET"]}}],"collection":[{"href":"https:\/\/humeyraavci.com\/en\/wp-json\/wp\/v2\/pages"}],"about":[{"href":"https:\/\/humeyraavci.com\/en\/wp-json\/wp\/v2\/types\/page"}],"author":[{"embeddable":true,"href":"https:\/\/humeyraavci.com\/en\/wp-json\/wp\/v2\/users\/2"}],"replies":[{"embeddable":true,"href":"https:\/\/humeyraavci.com\/en\/wp-json\/wp\/v2\/comments?post=35"}],"version-history":[{"count":0,"href":"https:\/\/humeyraavci.com\/en\/wp-json\/wp\/v2\/pages\/35\/revisions"}],"wp:attachment":[{"href":"https:\/\/humeyraavci.com\/en\/wp-json\/wp\/v2\/media?parent=35"}],"curies":[{"name":"wp","href":"https:\/\/api.w.org\/{rel}","templated":true}]}}